{"id":503,"date":"2025-02-28T14:34:10","date_gmt":"2025-02-28T13:34:10","guid":{"rendered":"https:\/\/uwk-sport.at\/tischtennis\/?page_id=503"},"modified":"2026-04-05T14:05:15","modified_gmt":"2026-04-05T12:05:15","slug":"uwk-turnier-2026","status":"publish","type":"page","link":"https:\/\/uwk-sport.at\/tischtennis\/uwk-turnier-2026\/","title":{"rendered":"UWK Season Finals 2026"},"content":{"rendered":"\n<p class=\"has-text-align-left\">Hallo liebe Tischtennisfreunde in Graz und der Steiermark!<\/p>\n\n\n\n<p>Einmal geht\u00b4s noch nach einer langen Meisterschaft. Wenn du Dich noch einmal motivieren kannst, dann lass diese Saison nochmal mit einem Tischtennisturnier ausklingen. Zum Saisonabschluss veranstaltet die Sparte Tischtennis von UWK Graz am <strong>Sonntag, den 26. April 2026<\/strong> wieder das &#8222;4. UWK Season Finals Tischtennisturnier&#8220; in der <strong>Unionhalle in Graz<\/strong>. Von 09:00 Uhr bis 15:00 Uhr geht es f\u00fcr den Bewerb B (500 bis 999 RC-Punkte) und den Bewerb C (0 bis 499 RC-Punkte) im Einzel und Doppel los. Ab 15:00 Uhr wird dann der Bewerb A (500 bis 1499 RC-Punkte) im Einzel und Doppel gespielt. Alle Einzelspiele werden f\u00fcr die RC-Rangliste gewertet.<br>Hobbyspieler, Nachwuchsspieler und Einsteiger in den Meisterschaftsbewerb k\u00f6nnen auch diesmal wieder im Bewerb C (0 bis 499 RC-Punkte &#8211; Hobbybewerb) teilnehmen. Im letzten Jahr wurde diese M\u00f6glichkeit f\u00fcr Hobbyspieler an einem Tischtennisturnier teilzunehmen gut angenommen. Anmeldung bis Freitag den 24. April 2026 unter <strong>uwktischtennis@gmail.com<\/strong>!<\/p>\n\n\n\n<figure class=\"wp-block-gallery has-nested-images columns-default is-cropped wp-block-gallery-1 is-layout-flex wp-block-gallery-is-layout-flex\">\n<figure class=\"wp-block-image size-full is-style-default\"><img loading=\"lazy\" decoding=\"async\" width=\"584\" height=\"872\" data-id=\"880\" src=\"https:\/\/uwk-sport.at\/tischtennis\/wp-content\/uploads\/sites\/4\/2026\/03\/UWK-Turnier-Seite-1-25.03.2026.png\" alt=\"\" class=\"wp-image-880\" srcset=\"https:\/\/uwk-sport.at\/tischtennis\/wp-content\/uploads\/sites\/4\/2026\/03\/UWK-Turnier-Seite-1-25.03.2026.png 584w, https:\/\/uwk-sport.at\/tischtennis\/wp-content\/uploads\/sites\/4\/2026\/03\/UWK-Turnier-Seite-1-25.03.2026-201x300.png 201w\" sizes=\"auto, (max-width: 584px) 100vw, 584px\" \/><\/figure>\n<\/figure>\n\n\n\n<figure class=\"wp-block-gallery aligncenter has-nested-images columns-default is-cropped wp-block-gallery-2 is-layout-flex wp-block-gallery-is-layout-flex\">\n<figure class=\"wp-block-image size-full\"><img loading=\"lazy\" decoding=\"async\" width=\"629\" height=\"966\" data-id=\"858\" src=\"https:\/\/uwk-sport.at\/tischtennis\/wp-content\/uploads\/sites\/4\/2026\/02\/Season-Finals-Seite-2.png\" alt=\"\" class=\"wp-image-858\" srcset=\"https:\/\/uwk-sport.at\/tischtennis\/wp-content\/uploads\/sites\/4\/2026\/02\/Season-Finals-Seite-2.png 629w, https:\/\/uwk-sport.at\/tischtennis\/wp-content\/uploads\/sites\/4\/2026\/02\/Season-Finals-Seite-2-195x300.png 195w\" sizes=\"auto, (max-width: 629px) 100vw, 629px\" \/><\/figure>\n<\/figure>\n\n\n\n<p>&#8212;&#8212;&#8212;&#8212;&#8212;&#8212;&#8212;&#8212;&#8212;&#8212;&#8212;&#8212;&#8212;&#8212;&#8212;&#8212;&#8212;&#8212;&#8212;&#8212;&#8212;&#8212;&#8212;&#8212;&#8212;&#8212;&#8212;&#8212;&#8212;&#8212;&#8212;&#8212;&#8212;&#8212;&#8212;&#8212;&#8212;<\/p>\n\n\n\n<p><strong>Das waren die UWK Season Finals 2025:<\/strong><\/p>\n\n\n\n<div data-wp-interactive=\"core\/file\" class=\"wp-block-file aligncenter\"><object data-wp-bind--hidden=\"!state.hasPdfPreview\" hidden class=\"wp-block-file__embed\" data=\"https:\/\/uwk-sport.at\/tischtennis\/wp-content\/uploads\/sites\/4\/2025\/04\/Turnierergebnisse-UWK-Season-Finals-2025.pdf\" type=\"application\/pdf\" style=\"width:100%;height:600px\" aria-label=\"Einbettung von Turnierergebnisse UWK Season Finals 2025.\"><\/object><a id=\"wp-block-file--media-c3f618ae-0777-4f71-abce-9c8d89b08edf\" href=\"https:\/\/uwk-sport.at\/tischtennis\/wp-content\/uploads\/sites\/4\/2025\/04\/Turnierergebnisse-UWK-Season-Finals-2025.pdf\">Turnierergebnisse UWK Season Finals 2025<\/a><a href=\"https:\/\/uwk-sport.at\/tischtennis\/wp-content\/uploads\/sites\/4\/2025\/04\/Turnierergebnisse-UWK-Season-Finals-2025.pdf\" class=\"wp-block-file__button wp-element-button\" download aria-describedby=\"wp-block-file--media-c3f618ae-0777-4f71-abce-9c8d89b08edf\">Herunterladen<\/a><\/div>\n\n\n\n<figure class=\"wp-block-gallery has-nested-images columns-default is-cropped wp-block-gallery-3 is-layout-flex wp-block-gallery-is-layout-flex\">\n<figure class=\"wp-block-image size-large\"><img loading=\"lazy\" decoding=\"async\" width=\"696\" height=\"1024\" data-id=\"569\" src=\"https:\/\/uwk-sport.at\/tischtennis\/wp-content\/uploads\/sites\/4\/2025\/04\/Einzel-Gaith-1-696x1024.jpg\" alt=\"\" class=\"wp-image-569\" srcset=\"https:\/\/uwk-sport.at\/tischtennis\/wp-content\/uploads\/sites\/4\/2025\/04\/Einzel-Gaith-1-696x1024.jpg 696w, https:\/\/uwk-sport.at\/tischtennis\/wp-content\/uploads\/sites\/4\/2025\/04\/Einzel-Gaith-1-204x300.jpg 204w, https:\/\/uwk-sport.at\/tischtennis\/wp-content\/uploads\/sites\/4\/2025\/04\/Einzel-Gaith-1-768x1130.jpg 768w, https:\/\/uwk-sport.at\/tischtennis\/wp-content\/uploads\/sites\/4\/2025\/04\/Einzel-Gaith-1-1044x1536.jpg 1044w, https:\/\/uwk-sport.at\/tischtennis\/wp-content\/uploads\/sites\/4\/2025\/04\/Einzel-Gaith-1-1392x2048.jpg 1392w, https:\/\/uwk-sport.at\/tischtennis\/wp-content\/uploads\/sites\/4\/2025\/04\/Einzel-Gaith-1.jpg 1550w\" sizes=\"auto, (max-width: 696px) 100vw, 696px\" \/><\/figure>\n\n\n\n<figure class=\"wp-block-image size-large\"><img loading=\"lazy\" decoding=\"async\" width=\"702\" height=\"1024\" data-id=\"570\" src=\"https:\/\/uwk-sport.at\/tischtennis\/wp-content\/uploads\/sites\/4\/2025\/04\/Einzel-Simon-702x1024.jpg\" alt=\"\" class=\"wp-image-570\" srcset=\"https:\/\/uwk-sport.at\/tischtennis\/wp-content\/uploads\/sites\/4\/2025\/04\/Einzel-Simon-702x1024.jpg 702w, https:\/\/uwk-sport.at\/tischtennis\/wp-content\/uploads\/sites\/4\/2025\/04\/Einzel-Simon-206x300.jpg 206w, https:\/\/uwk-sport.at\/tischtennis\/wp-content\/uploads\/sites\/4\/2025\/04\/Einzel-Simon-768x1121.jpg 768w, https:\/\/uwk-sport.at\/tischtennis\/wp-content\/uploads\/sites\/4\/2025\/04\/Einzel-Simon-1052x1536.jpg 1052w, https:\/\/uwk-sport.at\/tischtennis\/wp-content\/uploads\/sites\/4\/2025\/04\/Einzel-Simon-1403x2048.jpg 1403w, https:\/\/uwk-sport.at\/tischtennis\/wp-content\/uploads\/sites\/4\/2025\/04\/Einzel-Simon.jpg 1575w\" sizes=\"auto, (max-width: 702px) 100vw, 702px\" \/><\/figure>\n\n\n\n<figure class=\"wp-block-image size-large\"><img loading=\"lazy\" decoding=\"async\" width=\"874\" height=\"1024\" data-id=\"571\" src=\"https:\/\/uwk-sport.at\/tischtennis\/wp-content\/uploads\/sites\/4\/2025\/04\/Einzel-Edi-Helmut-874x1024.jpg\" alt=\"\" class=\"wp-image-571\" srcset=\"https:\/\/uwk-sport.at\/tischtennis\/wp-content\/uploads\/sites\/4\/2025\/04\/Einzel-Edi-Helmut-874x1024.jpg 874w, https:\/\/uwk-sport.at\/tischtennis\/wp-content\/uploads\/sites\/4\/2025\/04\/Einzel-Edi-Helmut-256x300.jpg 256w, https:\/\/uwk-sport.at\/tischtennis\/wp-content\/uploads\/sites\/4\/2025\/04\/Einzel-Edi-Helmut-768x900.jpg 768w, https:\/\/uwk-sport.at\/tischtennis\/wp-content\/uploads\/sites\/4\/2025\/04\/Einzel-Edi-Helmut-1310x1536.jpg 1310w, https:\/\/uwk-sport.at\/tischtennis\/wp-content\/uploads\/sites\/4\/2025\/04\/Einzel-Edi-Helmut-1747x2048.jpg 1747w, https:\/\/uwk-sport.at\/tischtennis\/wp-content\/uploads\/sites\/4\/2025\/04\/Einzel-Edi-Helmut.jpg 1900w\" sizes=\"auto, (max-width: 874px) 100vw, 874px\" \/><\/figure>\n\n\n\n<figure class=\"wp-block-image size-large\"><img loading=\"lazy\" decoding=\"async\" width=\"731\" height=\"1024\" data-id=\"573\" src=\"https:\/\/uwk-sport.at\/tischtennis\/wp-content\/uploads\/sites\/4\/2025\/04\/Doppel-Simon-Helmut-731x1024.jpg\" alt=\"\" class=\"wp-image-573\" srcset=\"https:\/\/uwk-sport.at\/tischtennis\/wp-content\/uploads\/sites\/4\/2025\/04\/Doppel-Simon-Helmut-731x1024.jpg 731w, https:\/\/uwk-sport.at\/tischtennis\/wp-content\/uploads\/sites\/4\/2025\/04\/Doppel-Simon-Helmut-214x300.jpg 214w, https:\/\/uwk-sport.at\/tischtennis\/wp-content\/uploads\/sites\/4\/2025\/04\/Doppel-Simon-Helmut-768x1075.jpg 768w, https:\/\/uwk-sport.at\/tischtennis\/wp-content\/uploads\/sites\/4\/2025\/04\/Doppel-Simon-Helmut-1097x1536.jpg 1097w, https:\/\/uwk-sport.at\/tischtennis\/wp-content\/uploads\/sites\/4\/2025\/04\/Doppel-Simon-Helmut-1463x2048.jpg 1463w, https:\/\/uwk-sport.at\/tischtennis\/wp-content\/uploads\/sites\/4\/2025\/04\/Doppel-Simon-Helmut.jpg 1620w\" sizes=\"auto, (max-width: 731px) 100vw, 731px\" \/><\/figure>\n\n\n\n<figure class=\"wp-block-image size-large\"><img loading=\"lazy\" decoding=\"async\" width=\"897\" height=\"1024\" data-id=\"574\" src=\"https:\/\/uwk-sport.at\/tischtennis\/wp-content\/uploads\/sites\/4\/2025\/04\/Doppel-Tobias-Edi-897x1024.jpg\" alt=\"\" class=\"wp-image-574\" srcset=\"https:\/\/uwk-sport.at\/tischtennis\/wp-content\/uploads\/sites\/4\/2025\/04\/Doppel-Tobias-Edi-897x1024.jpg 897w, https:\/\/uwk-sport.at\/tischtennis\/wp-content\/uploads\/sites\/4\/2025\/04\/Doppel-Tobias-Edi-263x300.jpg 263w, https:\/\/uwk-sport.at\/tischtennis\/wp-content\/uploads\/sites\/4\/2025\/04\/Doppel-Tobias-Edi-768x877.jpg 768w, https:\/\/uwk-sport.at\/tischtennis\/wp-content\/uploads\/sites\/4\/2025\/04\/Doppel-Tobias-Edi-1346x1536.jpg 1346w, https:\/\/uwk-sport.at\/tischtennis\/wp-content\/uploads\/sites\/4\/2025\/04\/Doppel-Tobias-Edi-1794x2048.jpg 1794w\" sizes=\"auto, (max-width: 897px) 100vw, 897px\" \/><\/figure>\n<figcaption class=\"blocks-gallery-caption wp-element-caption\">A-Einzel: 1. Gaith Moalem, 2. Simon Grabner, 3. Edmund Weinm\u00fcller und Helmut Reitbauer <br>Doppel: 1. Simon Grabner \/ Helmut Reitbauer, 2. Edmund Weinm\u00fcller \/ Tobias Teuschler<\/figcaption><\/figure>\n\n\n\n<figure class=\"wp-block-gallery has-nested-images columns-default is-cropped wp-block-gallery-4 is-layout-flex wp-block-gallery-is-layout-flex\">\n<figure class=\"wp-block-image size-large\"><img loading=\"lazy\" decoding=\"async\" width=\"1024\" height=\"472\" data-id=\"605\" src=\"https:\/\/uwk-sport.at\/tischtennis\/wp-content\/uploads\/sites\/4\/2025\/05\/Tischtennis1-1024x472.jpg\" alt=\"\" class=\"wp-image-605\" srcset=\"https:\/\/uwk-sport.at\/tischtennis\/wp-content\/uploads\/sites\/4\/2025\/05\/Tischtennis1-1024x472.jpg 1024w, https:\/\/uwk-sport.at\/tischtennis\/wp-content\/uploads\/sites\/4\/2025\/05\/Tischtennis1-300x138.jpg 300w, https:\/\/uwk-sport.at\/tischtennis\/wp-content\/uploads\/sites\/4\/2025\/05\/Tischtennis1-768x354.jpg 768w, https:\/\/uwk-sport.at\/tischtennis\/wp-content\/uploads\/sites\/4\/2025\/05\/Tischtennis1-1536x708.jpg 1536w, https:\/\/uwk-sport.at\/tischtennis\/wp-content\/uploads\/sites\/4\/2025\/05\/Tischtennis1.jpg 1600w\" sizes=\"auto, (max-width: 1024px) 100vw, 1024px\" \/><\/figure>\n<\/figure>\n\n\n\n<figure class=\"wp-block-gallery has-nested-images columns-default is-cropped wp-block-gallery-5 is-layout-flex wp-block-gallery-is-layout-flex\">\n<figure class=\"wp-block-image size-large is-style-default\"><img loading=\"lazy\" decoding=\"async\" width=\"1024\" height=\"472\" data-id=\"608\" src=\"https:\/\/uwk-sport.at\/tischtennis\/wp-content\/uploads\/sites\/4\/2025\/05\/Tischtennis2-2-1024x472.jpg\" alt=\"\" class=\"wp-image-608\" srcset=\"https:\/\/uwk-sport.at\/tischtennis\/wp-content\/uploads\/sites\/4\/2025\/05\/Tischtennis2-2-1024x472.jpg 1024w, https:\/\/uwk-sport.at\/tischtennis\/wp-content\/uploads\/sites\/4\/2025\/05\/Tischtennis2-2-300x138.jpg 300w, https:\/\/uwk-sport.at\/tischtennis\/wp-content\/uploads\/sites\/4\/2025\/05\/Tischtennis2-2-768x354.jpg 768w, https:\/\/uwk-sport.at\/tischtennis\/wp-content\/uploads\/sites\/4\/2025\/05\/Tischtennis2-2-1536x708.jpg 1536w, https:\/\/uwk-sport.at\/tischtennis\/wp-content\/uploads\/sites\/4\/2025\/05\/Tischtennis2-2.jpg 1600w\" sizes=\"auto, (max-width: 1024px) 100vw, 1024px\" \/><\/figure>\n<\/figure>\n\n\n\n<figure class=\"wp-block-gallery has-nested-images columns-default is-cropped wp-block-gallery-6 is-layout-flex wp-block-gallery-is-layout-flex\">\n<figure class=\"wp-block-image size-large\"><img loading=\"lazy\" decoding=\"async\" width=\"1024\" height=\"472\" data-id=\"609\" src=\"https:\/\/uwk-sport.at\/tischtennis\/wp-content\/uploads\/sites\/4\/2025\/05\/Tischtennis3-1024x472.jpg\" alt=\"\" class=\"wp-image-609\" srcset=\"https:\/\/uwk-sport.at\/tischtennis\/wp-content\/uploads\/sites\/4\/2025\/05\/Tischtennis3-1024x472.jpg 1024w, https:\/\/uwk-sport.at\/tischtennis\/wp-content\/uploads\/sites\/4\/2025\/05\/Tischtennis3-300x138.jpg 300w, https:\/\/uwk-sport.at\/tischtennis\/wp-content\/uploads\/sites\/4\/2025\/05\/Tischtennis3-768x354.jpg 768w, https:\/\/uwk-sport.at\/tischtennis\/wp-content\/uploads\/sites\/4\/2025\/05\/Tischtennis3-1536x708.jpg 1536w, https:\/\/uwk-sport.at\/tischtennis\/wp-content\/uploads\/sites\/4\/2025\/05\/Tischtennis3.jpg 1600w\" sizes=\"auto, (max-width: 1024px) 100vw, 1024px\" \/><\/figure>\n<\/figure>\n\n\n\n<figure class=\"wp-block-gallery has-nested-images columns-default is-cropped wp-block-gallery-7 is-layout-flex wp-block-gallery-is-layout-flex\">\n<figure class=\"wp-block-image size-large\"><img loading=\"lazy\" decoding=\"async\" width=\"1024\" height=\"473\" data-id=\"610\" src=\"https:\/\/uwk-sport.at\/tischtennis\/wp-content\/uploads\/sites\/4\/2025\/05\/Tischtennis4-1024x473.jpg\" alt=\"\" class=\"wp-image-610\" srcset=\"https:\/\/uwk-sport.at\/tischtennis\/wp-content\/uploads\/sites\/4\/2025\/05\/Tischtennis4-1024x473.jpg 1024w, https:\/\/uwk-sport.at\/tischtennis\/wp-content\/uploads\/sites\/4\/2025\/05\/Tischtennis4-300x139.jpg 300w, https:\/\/uwk-sport.at\/tischtennis\/wp-content\/uploads\/sites\/4\/2025\/05\/Tischtennis4-768x355.jpg 768w, https:\/\/uwk-sport.at\/tischtennis\/wp-content\/uploads\/sites\/4\/2025\/05\/Tischtennis4-1536x709.jpg 1536w, https:\/\/uwk-sport.at\/tischtennis\/wp-content\/uploads\/sites\/4\/2025\/05\/Tischtennis4.jpg 2040w\" sizes=\"auto, (max-width: 1024px) 100vw, 1024px\" \/><\/figure>\n<\/figure>\n\n\n\n<figure class=\"wp-block-gallery has-nested-images columns-default is-cropped wp-block-gallery-8 is-layout-flex wp-block-gallery-is-layout-flex\">\n<figure class=\"wp-block-image size-large\"><img loading=\"lazy\" decoding=\"async\" width=\"1024\" height=\"472\" data-id=\"611\" src=\"https:\/\/uwk-sport.at\/tischtennis\/wp-content\/uploads\/sites\/4\/2025\/05\/Tischtennis5-1024x472.jpg\" alt=\"\" class=\"wp-image-611\" srcset=\"https:\/\/uwk-sport.at\/tischtennis\/wp-content\/uploads\/sites\/4\/2025\/05\/Tischtennis5-1024x472.jpg 1024w, https:\/\/uwk-sport.at\/tischtennis\/wp-content\/uploads\/sites\/4\/2025\/05\/Tischtennis5-300x138.jpg 300w, https:\/\/uwk-sport.at\/tischtennis\/wp-content\/uploads\/sites\/4\/2025\/05\/Tischtennis5-768x354.jpg 768w, https:\/\/uwk-sport.at\/tischtennis\/wp-content\/uploads\/sites\/4\/2025\/05\/Tischtennis5-1536x708.jpg 1536w, https:\/\/uwk-sport.at\/tischtennis\/wp-content\/uploads\/sites\/4\/2025\/05\/Tischtennis5.jpg 1600w\" sizes=\"auto, (max-width: 1024px) 100vw, 1024px\" \/><\/figure>\n<\/figure>\n\n\n\n<figure class=\"wp-block-gallery has-nested-images columns-default is-cropped wp-block-gallery-9 is-layout-flex wp-block-gallery-is-layout-flex\">\n<figure class=\"wp-block-image size-large\"><img loading=\"lazy\" decoding=\"async\" width=\"1024\" height=\"473\" data-id=\"612\" src=\"https:\/\/uwk-sport.at\/tischtennis\/wp-content\/uploads\/sites\/4\/2025\/05\/Tischtennis6-1024x473.jpg\" alt=\"\" class=\"wp-image-612\" srcset=\"https:\/\/uwk-sport.at\/tischtennis\/wp-content\/uploads\/sites\/4\/2025\/05\/Tischtennis6-1024x473.jpg 1024w, https:\/\/uwk-sport.at\/tischtennis\/wp-content\/uploads\/sites\/4\/2025\/05\/Tischtennis6-300x139.jpg 300w, https:\/\/uwk-sport.at\/tischtennis\/wp-content\/uploads\/sites\/4\/2025\/05\/Tischtennis6-768x355.jpg 768w, https:\/\/uwk-sport.at\/tischtennis\/wp-content\/uploads\/sites\/4\/2025\/05\/Tischtennis6-1536x709.jpg 1536w, https:\/\/uwk-sport.at\/tischtennis\/wp-content\/uploads\/sites\/4\/2025\/05\/Tischtennis6.jpg 2040w\" sizes=\"auto, (max-width: 1024px) 100vw, 1024px\" \/><\/figure>\n<\/figure>\n\n\n\n<p class=\"has-text-align-center\">UWK Season Finals 2025 in der Unionhalle Graz<\/p>\n","protected":false},"excerpt":{"rendered":"<p>Hallo liebe Tischtennisfreunde in Graz und der Steiermark! Einmal geht\u00b4s noch nach einer langen Meisterschaft. Wenn du Dich noch einmal motivieren kannst, dann lass diese [&#8230;]<\/p>\n","protected":false},"author":12,"featured_media":0,"parent":0,"menu_order":0,"comment_status":"closed","ping_status":"closed","template":"","meta":{"footnotes":""},"class_list":["post-503","page","type-page","status-publish","hentry"],"_links":{"self":[{"href":"https:\/\/uwk-sport.at\/tischtennis\/wp-json\/wp\/v2\/pages\/503","targetHints":{"allow":["GET"]}}],"collection":[{"href":"https:\/\/uwk-sport.at\/tischtennis\/wp-json\/wp\/v2\/pages"}],"about":[{"href":"https:\/\/uwk-sport.at\/tischtennis\/wp-json\/wp\/v2\/types\/page"}],"author":[{"embeddable":true,"href":"https:\/\/uwk-sport.at\/tischtennis\/wp-json\/wp\/v2\/users\/12"}],"replies":[{"embeddable":true,"href":"https:\/\/uwk-sport.at\/tischtennis\/wp-json\/wp\/v2\/comments?post=503"}],"version-history":[{"count":10,"href":"https:\/\/uwk-sport.at\/tischtennis\/wp-json\/wp\/v2\/pages\/503\/revisions"}],"predecessor-version":[{"id":889,"href":"https:\/\/uwk-sport.at\/tischtennis\/wp-json\/wp\/v2\/pages\/503\/revisions\/889"}],"wp:attachment":[{"href":"https:\/\/uwk-sport.at\/tischtennis\/wp-json\/wp\/v2\/media?parent=503"}],"curies":[{"name":"wp","href":"https:\/\/api.w.org\/{rel}","templated":true}]}}