{"id":92,"date":"2021-04-03T19:46:02","date_gmt":"2021-04-03T17:46:02","guid":{"rendered":"https:\/\/uwk-sport.at\/tennis\/?page_id=92"},"modified":"2024-06-03T20:09:08","modified_gmt":"2024-06-03T18:09:08","slug":"mitglied-werden","status":"publish","type":"page","link":"https:\/\/uwk-sport.at\/tennis\/mitglied-werden\/","title":{"rendered":"Mitglied werden"},"content":{"rendered":"\n<h2 class=\"wp-block-heading\">Details<\/h2>\n\n\n\n<p>Die aktuellen Mitgliedsbeitr\u00e4ge entnehmen Sie bitte <a href=\"https:\/\/uwk-sport.at\/tennis\/aktuelle-mitgliedsbeitraege\/\" data-type=\"page\" data-id=\"94\">dieser Seite<\/a>.<\/p>\n\n\n\n<p>Der Mitgliedsbeitrag ist nach Anmeldung innerhalb von 7 Tagen auf das Konto des UWK mit der IBAN <strong>AT72 2081 5000 0017 2858<\/strong> zu \u00fcberweisen. Ein Austritt ist sp\u00e4testens bis 31.12. des Jahres f\u00fcr die Folgesaison schriftlich bekanntzugeben.<\/p>\n\n\n\n<p>Wir freuen uns auf Ihre Mitgliedschaft und w\u00fcnschen Ihnen in unserem Tennisclub sch\u00f6ne Spieltage und Erfolge.<\/p>\n\n\n\n<h2 class=\"wp-block-heading\">Online-Anmeldung<\/h2>\n\n\n\n<p><strong>Ich beantrage die Aufnahme in den UWK Tennisclub<\/strong>:<\/p>\n\n\n\n<div class=\"wpforms-container wpforms-container-full\" id=\"wpforms-91\"><form id=\"wpforms-form-91\" class=\"wpforms-validate wpforms-form wpforms-ajax-form\" data-formid=\"91\" method=\"post\" enctype=\"multipart\/form-data\" action=\"\/tennis\/wp-json\/wp\/v2\/pages\/92\" data-token=\"07d6b5dd572cd2e7684f5d1f99843570\" data-token-time=\"1777888140\"><noscript class=\"wpforms-error-noscript\">Bitte aktiviere JavaScript in deinem Browser, um dieses Formular fertigzustellen.<\/noscript><div class=\"wpforms-field-container\"><div id=\"wpforms-91-field_1-container\" class=\"wpforms-field wpforms-field-name\" data-field-id=\"1\"><label class=\"wpforms-field-label\">Name <span class=\"wpforms-required-label\">*<\/span><\/label><div class=\"wpforms-field-row wpforms-field-medium\"><div class=\"wpforms-field-row-block wpforms-first wpforms-one-half\"><input type=\"text\" id=\"wpforms-91-field_1\" class=\"wpforms-field-name-first wpforms-field-required\" name=\"wpforms[fields][1][first]\" required><label for=\"wpforms-91-field_1\" class=\"wpforms-field-sublabel after\">Vorname<\/label><\/div><div class=\"wpforms-field-row-block wpforms-one-half\"><input type=\"text\" id=\"wpforms-91-field_1-last\" class=\"wpforms-field-name-last wpforms-field-required\" name=\"wpforms[fields][1][last]\" required><label for=\"wpforms-91-field_1-last\" class=\"wpforms-field-sublabel after\">Nachname<\/label><\/div><\/div><\/div><div id=\"wpforms-91-field_7-container\" class=\"wpforms-field wpforms-field-text\" data-field-id=\"7\"><label class=\"wpforms-field-label\" for=\"wpforms-91-field_7\">Titel<\/label><input type=\"text\" id=\"wpforms-91-field_7\" class=\"wpforms-field-medium\" name=\"wpforms[fields][7]\" ><\/div><div id=\"wpforms-91-field_11-container\" class=\"wpforms-field wpforms-field-email\" data-field-id=\"11\"><label class=\"wpforms-field-label\">E-Mail Adresse <span class=\"wpforms-required-label\">*<\/span><\/label><div class=\"wpforms-field-row wpforms-field-medium\"><div class=\"wpforms-field-row-block wpforms-one-half wpforms-first\"><input type=\"email\" id=\"wpforms-91-field_11\" class=\"wpforms-field-required wpforms-field-email-primary\" name=\"wpforms[fields][11][primary]\" spellcheck=\"false\" required><label for=\"wpforms-91-field_11\" class=\"wpforms-field-sublabel after\">E-Mail-Adresse<\/label><\/div><div class=\"wpforms-field-row-block wpforms-one-half\"><input type=\"email\" id=\"wpforms-91-field_11-secondary\" class=\"wpforms-field-email-secondary wpforms-field-required\" data-rule-confirm=\"#wpforms-91-field_11\" name=\"wpforms[fields][11][secondary]\" spellcheck=\"false\" required><label for=\"wpforms-91-field_11-secondary\" class=\"wpforms-field-sublabel after\">E-Mail best\u00e4tigen<\/label><\/div><\/div><\/div><div id=\"wpforms-91-field_6-container\" class=\"wpforms-field wpforms-field-text\" data-field-id=\"6\"><label class=\"wpforms-field-label\" for=\"wpforms-91-field_6\">Geburtsdatum <span class=\"wpforms-required-label\">*<\/span><\/label><input type=\"text\" id=\"wpforms-91-field_6\" class=\"wpforms-field-medium wpforms-field-required wpforms-masked-input\" data-rule-inputmask-incomplete=\"1\" data-inputmask-mask=\"99.99.9999\" name=\"wpforms[fields][6]\" required><\/div><div id=\"wpforms-91-field_2-container\" class=\"wpforms-field wpforms-field-text\" data-field-id=\"2\"><label class=\"wpforms-field-label\" for=\"wpforms-91-field_2\">Stra\u00dfe, Hausnummer <span class=\"wpforms-required-label\">*<\/span><\/label><input type=\"text\" id=\"wpforms-91-field_2\" class=\"wpforms-field-medium wpforms-field-required\" name=\"wpforms[fields][2]\" required><\/div><div id=\"wpforms-91-field_3-container\" class=\"wpforms-field wpforms-field-number\" data-field-id=\"3\"><label class=\"wpforms-field-label\" for=\"wpforms-91-field_3\">PLZ <span class=\"wpforms-required-label\">*<\/span><\/label><input type=\"number\" id=\"wpforms-91-field_3\" class=\"wpforms-field-medium wpforms-field-required\" name=\"wpforms[fields][3]\" step=\"any\" required><\/div><div id=\"wpforms-91-field_4-container\" class=\"wpforms-field wpforms-field-text\" data-field-id=\"4\"><label class=\"wpforms-field-label\" for=\"wpforms-91-field_4\">Ort <span class=\"wpforms-required-label\">*<\/span><\/label><input type=\"text\" id=\"wpforms-91-field_4\" class=\"wpforms-field-medium wpforms-field-required\" name=\"wpforms[fields][4]\" required><\/div><div id=\"wpforms-91-field_12-container\" class=\"wpforms-field wpforms-field-number\" data-field-id=\"12\"><label class=\"wpforms-field-label\" for=\"wpforms-91-field_12\">Telefon <span class=\"wpforms-required-label\">*<\/span><\/label><input type=\"number\" id=\"wpforms-91-field_12\" class=\"wpforms-field-medium wpforms-field-required\" name=\"wpforms[fields][12]\" step=\"any\" required><\/div><div id=\"wpforms-91-field_5-container\" class=\"wpforms-field wpforms-field-textarea\" data-field-id=\"5\"><label class=\"wpforms-field-label\" for=\"wpforms-91-field_5\">Familienmitglieder, Geburtsdatum<\/label><textarea id=\"wpforms-91-field_5\" class=\"wpforms-field-medium\" name=\"wpforms[fields][5]\" ><\/textarea><\/div><div id=\"wpforms-91-field_10-container\" class=\"wpforms-field wpforms-field-textarea\" data-field-id=\"10\"><label class=\"wpforms-field-label\" for=\"wpforms-91-field_10\">Zus\u00e4tzliche Information<\/label><textarea id=\"wpforms-91-field_10\" class=\"wpforms-field-medium\" name=\"wpforms[fields][10]\" ><\/textarea><\/div><div id=\"wpforms-91-field_9-container\" class=\"wpforms-field wpforms-field-checkbox\" data-field-id=\"9\"><label class=\"wpforms-field-label\">Best\u00e4tigung <span class=\"wpforms-required-label\">*<\/span><\/label><ul id=\"wpforms-91-field_9\" class=\"wpforms-field-required\"><li class=\"choice-1 depth-1\"><input type=\"checkbox\" id=\"wpforms-91-field_9_1\" name=\"wpforms[fields][9][]\" value=\"Ich best\u00e4tige die Richtigkeit meiner Angaben und m\u00f6chte Mitglied des UWK Tennisclubs werden.\" required ><label class=\"wpforms-field-label-inline\" for=\"wpforms-91-field_9_1\">Ich best\u00e4tige die Richtigkeit meiner Angaben und m\u00f6chte Mitglied des UWK Tennisclubs werden.<\/label><\/li><\/ul><\/div><div id=\"wpforms-91-field_8-container\" class=\"wpforms-field wpforms-field-checkbox\" data-field-id=\"8\"><label class=\"wpforms-field-label\">Datenverarbeitung <span class=\"wpforms-required-label\">*<\/span><\/label><ul id=\"wpforms-91-field_8\" class=\"wpforms-field-required\"><li class=\"choice-1 depth-1\"><input type=\"checkbox\" id=\"wpforms-91-field_8_1\" name=\"wpforms[fields][8][]\" value=\"Ich stimme der elektronischen Datenverarbeitung zu.\" required ><label class=\"wpforms-field-label-inline\" for=\"wpforms-91-field_8_1\">Ich stimme der elektronischen Datenverarbeitung zu.<\/label><\/li><\/ul><\/div><\/div><!-- .wpforms-field-container --><div class=\"wpforms-recaptcha-container wpforms-is-recaptcha wpforms-is-recaptcha-type-v2\" ><div class=\"g-recaptcha\" data-sitekey=\"6Lev-5oaAAAAAGZHX7oPUWlmon12UeLRU-OnR5iu\"><\/div><input type=\"text\" name=\"g-recaptcha-hidden\" class=\"wpforms-recaptcha-hidden\" style=\"position:absolute!important;clip:rect(0,0,0,0)!important;height:1px!important;width:1px!important;border:0!important;overflow:hidden!important;padding:0!important;margin:0!important;\" data-rule-recaptcha=\"1\"><\/div><div class=\"wpforms-submit-container\" ><input type=\"hidden\" name=\"wpforms[id]\" value=\"91\"><input type=\"hidden\" name=\"page_title\" value=\"\"><input type=\"hidden\" name=\"page_url\" value=\"https:\/\/uwk-sport.at\/tennis\/wp-json\/wp\/v2\/pages\/92\"><input type=\"hidden\" name=\"url_referer\" value=\"\"><button type=\"submit\" name=\"wpforms[submit]\" id=\"wpforms-submit-91\" class=\"wpforms-submit\" data-alt-text=\"Senden...\" data-submit-text=\"Kostenpflichtig anmelden\" aria-live=\"assertive\" value=\"wpforms-submit\">Kostenpflichtig anmelden<\/button><img loading=\"lazy\" decoding=\"async\" src=\"https:\/\/uwk-sport.at\/tennis\/wp-content\/plugins\/wpforms-lite\/assets\/images\/submit-spin.svg\" class=\"wpforms-submit-spinner\" style=\"display: none;\" width=\"26\" height=\"26\" alt=\"Wird geladen\"><\/div><\/form><\/div>  <!-- .wpforms-container -->\n","protected":false},"excerpt":{"rendered":"<p>Details Die aktuellen Mitgliedsbeitr\u00e4ge entnehmen Sie bitte dieser Seite. Der Mitgliedsbeitrag ist nach Anmeldung innerhalb von 7 Tagen auf das Konto des UWK mit der [&#8230;]<\/p>\n","protected":false},"author":1,"featured_media":0,"parent":0,"menu_order":0,"comment_status":"closed","ping_status":"closed","template":"","meta":{"_price":"","_stock":"","_tribe_ticket_header":"","_tribe_default_ticket_provider":"","_tribe_ticket_capacity":"0","_ticket_start_date":"","_ticket_end_date":"","_tribe_ticket_show_description":"","_tribe_ticket_show_not_going":false,"_tribe_ticket_use_global_stock":"","_tribe_ticket_global_stock_level":"","_global_stock_mode":"","_global_stock_cap":"","_tribe_rsvp_for_event":"","_tribe_ticket_going_count":"","_tribe_ticket_not_going_count":"","_tribe_tickets_list":"[]","_tribe_ticket_has_attendee_info_fields":false,"footnotes":"","_tec_slr_enabled":"","_tec_slr_layout":""},"class_list":["post-92","page","type-page","status-publish","hentry"],"ticketed":false,"_links":{"self":[{"href":"https:\/\/uwk-sport.at\/tennis\/wp-json\/wp\/v2\/pages\/92","targetHints":{"allow":["GET"]}}],"collection":[{"href":"https:\/\/uwk-sport.at\/tennis\/wp-json\/wp\/v2\/pages"}],"about":[{"href":"https:\/\/uwk-sport.at\/tennis\/wp-json\/wp\/v2\/types\/page"}],"author":[{"embeddable":true,"href":"https:\/\/uwk-sport.at\/tennis\/wp-json\/wp\/v2\/users\/1"}],"replies":[{"embeddable":true,"href":"https:\/\/uwk-sport.at\/tennis\/wp-json\/wp\/v2\/comments?post=92"}],"version-history":[{"count":8,"href":"https:\/\/uwk-sport.at\/tennis\/wp-json\/wp\/v2\/pages\/92\/revisions"}],"predecessor-version":[{"id":205,"href":"https:\/\/uwk-sport.at\/tennis\/wp-json\/wp\/v2\/pages\/92\/revisions\/205"}],"wp:attachment":[{"href":"https:\/\/uwk-sport.at\/tennis\/wp-json\/wp\/v2\/media?parent=92"}],"curies":[{"name":"wp","href":"https:\/\/api.w.org\/{rel}","templated":true}]}}