{"id":25,"date":"2021-03-26T08:51:27","date_gmt":"2021-03-26T07:51:27","guid":{"rendered":"https:\/\/uwk-sport.at\/tennis\/?page_id=25"},"modified":"2022-05-09T12:46:24","modified_gmt":"2022-05-09T10:46:24","slug":"training","status":"publish","type":"page","link":"https:\/\/uwk-sport.at\/tennis\/training\/","title":{"rendered":"Training"},"content":{"rendered":"\n<h4 class=\"wp-block-heading\"><strong>J\u00fcrgen Teuschl<\/strong><\/h4>\n\n\n\n<figure class=\"wp-block-image size-large is-resized\"><img loading=\"lazy\" decoding=\"async\" src=\"https:\/\/uwk-sport.at\/tennis\/wp-content\/uploads\/sites\/2\/2022\/05\/IMG-20220509-WA0000-682x1024.jpg\" alt=\"\" class=\"wp-image-238\" width=\"180\" height=\"269\" srcset=\"https:\/\/uwk-sport.at\/tennis\/wp-content\/uploads\/sites\/2\/2022\/05\/IMG-20220509-WA0000-682x1024.jpg 682w, https:\/\/uwk-sport.at\/tennis\/wp-content\/uploads\/sites\/2\/2022\/05\/IMG-20220509-WA0000-200x300.jpg 200w, https:\/\/uwk-sport.at\/tennis\/wp-content\/uploads\/sites\/2\/2022\/05\/IMG-20220509-WA0000-768x1152.jpg 768w, https:\/\/uwk-sport.at\/tennis\/wp-content\/uploads\/sites\/2\/2022\/05\/IMG-20220509-WA0000.jpg 903w\" sizes=\"auto, (max-width: 180px) 100vw, 180px\" \/><\/figure>\n\n\n\n<p><strong>Email:&nbsp;<a href=\"mailto:juergen.teuschl@gmx.at\">juergen.teuschl@gmx.at<\/a><br>Tel.:&nbsp;<a href=\"tel:+436766172913\">+43 (0) 676 61 72 913<\/a><\/strong><\/p>\n\n\n\n<ul class=\"wp-block-list\"><li>Staatl. gepr\u00fcfter Tennistrainer seit 2002<\/li><li>\u00fcber 15 Jahre Erfahrung als Tennistrainer<\/li><li>Individuelle Zielsetzung f\u00fcr alle Spielst\u00e4rken und Altersgruppen<\/li><\/ul>\n\n\n\n<p><\/p>\n","protected":false},"excerpt":{"rendered":"<p>J\u00fcrgen Teuschl Email:&nbsp;juergen.teuschl@gmx.atTel.:&nbsp;+43 (0) 676 61 72 913 Staatl. gepr\u00fcfter Tennistrainer seit 2002 \u00fcber 15 Jahre Erfahrung als Tennistrainer Individuelle Zielsetzung f\u00fcr alle Spielst\u00e4rken und [&#8230;]<\/p>\n","protected":false},"author":1,"featured_media":0,"parent":0,"menu_order":0,"comment_status":"closed","ping_status":"closed","template":"","meta":{"_price":"","_stock":"","_tribe_ticket_header":"","_tribe_default_ticket_provider":"","_tribe_ticket_capacity":"0","_ticket_start_date":"","_ticket_end_date":"","_tribe_ticket_show_description":"","_tribe_ticket_show_not_going":false,"_tribe_ticket_use_global_stock":"","_tribe_ticket_global_stock_level":"","_global_stock_mode":"","_global_stock_cap":"","_tribe_rsvp_for_event":"","_tribe_ticket_going_count":"","_tribe_ticket_not_going_count":"","_tribe_tickets_list":"[]","_tribe_ticket_has_attendee_info_fields":false,"footnotes":"","_tec_slr_enabled":"","_tec_slr_layout":""},"class_list":["post-25","page","type-page","status-publish","hentry"],"ticketed":false,"_links":{"self":[{"href":"https:\/\/uwk-sport.at\/tennis\/wp-json\/wp\/v2\/pages\/25","targetHints":{"allow":["GET"]}}],"collection":[{"href":"https:\/\/uwk-sport.at\/tennis\/wp-json\/wp\/v2\/pages"}],"about":[{"href":"https:\/\/uwk-sport.at\/tennis\/wp-json\/wp\/v2\/types\/page"}],"author":[{"embeddable":true,"href":"https:\/\/uwk-sport.at\/tennis\/wp-json\/wp\/v2\/users\/1"}],"replies":[{"embeddable":true,"href":"https:\/\/uwk-sport.at\/tennis\/wp-json\/wp\/v2\/comments?post=25"}],"version-history":[{"count":2,"href":"https:\/\/uwk-sport.at\/tennis\/wp-json\/wp\/v2\/pages\/25\/revisions"}],"predecessor-version":[{"id":239,"href":"https:\/\/uwk-sport.at\/tennis\/wp-json\/wp\/v2\/pages\/25\/revisions\/239"}],"wp:attachment":[{"href":"https:\/\/uwk-sport.at\/tennis\/wp-json\/wp\/v2\/media?parent=25"}],"curies":[{"name":"wp","href":"https:\/\/api.w.org\/{rel}","templated":true}]}}